{"id":362513,"date":"2021-12-15T13:50:28","date_gmt":"2021-12-15T19:50:28","guid":{"rendered":"https:\/\/www.efcoforms.com\/?page_id=362513"},"modified":"2025-01-24T10:00:14","modified_gmt":"2025-01-24T16:00:14","slug":"career","status":"publish","type":"page","link":"https:\/\/www.efcoforms.com\/es\/career\/","title":{"rendered":"Career"},"content":{"rendered":"\n<div class=\"wp-block-media-text alignfull is-stacked-on-mobile is-vertically-aligned-center is-style-default\" style=\"grid-template-columns:56% auto\"><figure class=\"wp-block-media-text__media\"><img loading=\"lazy\" decoding=\"async\" width=\"1024\" height=\"714\" src=\"https:\/\/www.efcoforms.com\/wp-content\/uploads\/2021\/12\/We-are-hiring-join-our-team-spanish-1024x714.jpg\" alt=\"\" class=\"wp-image-363677 size-full\" srcset=\"https:\/\/cdn-wordpress.webspec.cloud\/efcoforms.com\/uploads\/2021\/12\/We-are-hiring-join-our-team-spanish-1024x714.jpg 1024w, https:\/\/cdn-wordpress.webspec.cloud\/efcoforms.com\/uploads\/2021\/12\/We-are-hiring-join-our-team-spanish-300x209.jpg 300w, https:\/\/cdn-wordpress.webspec.cloud\/efcoforms.com\/uploads\/2021\/12\/We-are-hiring-join-our-team-spanish-768x535.jpg 768w, https:\/\/cdn-wordpress.webspec.cloud\/efcoforms.com\/uploads\/2021\/12\/We-are-hiring-join-our-team-spanish-1536x1071.jpg 1536w, https:\/\/cdn-wordpress.webspec.cloud\/efcoforms.com\/uploads\/2021\/12\/We-are-hiring-join-our-team-spanish-2048x1428.jpg 2048w, https:\/\/cdn-wordpress.webspec.cloud\/efcoforms.com\/uploads\/2021\/12\/We-are-hiring-join-our-team-spanish-24x17.jpg 24w, https:\/\/cdn-wordpress.webspec.cloud\/efcoforms.com\/uploads\/2021\/12\/We-are-hiring-join-our-team-spanish-36x25.jpg 36w, https:\/\/cdn-wordpress.webspec.cloud\/efcoforms.com\/uploads\/2021\/12\/We-are-hiring-join-our-team-spanish-48x33.jpg 48w, https:\/\/cdn-wordpress.webspec.cloud\/efcoforms.com\/uploads\/2021\/12\/We-are-hiring-join-our-team-spanish-1549x1080.jpg 1549w, https:\/\/cdn-wordpress.webspec.cloud\/efcoforms.com\/uploads\/2021\/12\/We-are-hiring-join-our-team-spanish-scaled.jpg 2000w\" sizes=\"auto, (max-width: 1024px) 100vw, 1024px\" \/><\/figure><div class=\"wp-block-media-text__content\">\n<h2 class=\"wp-block-heading has-text-color\" style=\"color:#000000\">\u00bfQuieres unirte a NUESTRO EQUIPO?<\/h2>\n\n\n\n<h3 class=\"wp-block-heading\">\u00a1Y te queremos A TI!<\/h3>\n<\/div><\/div>\n\n\n\n<section class=\"wp-block-uagb-section uagb-section__wrap uagb-section__background-image uagb-block-0ba105f6\"><div class=\"uagb-section__overlay\"><\/div><div class=\"uagb-section__inner-wrap\"><div class=\"container-fluid two-column-image-content angle-top-left \">\n\t<div class=\"row\">\n\t\t\t\t\t<div class=\"col-md-12 grey-texture-bg\" >\n\t\t\t\t<div class=\"row\">\n\t\t\t\t\t\t\t\t\t\t\t<div class=\"container\">\n\t\t\t\t\t\t\t<div class=\"col-md-12 two-full\">\n\t\t\t\t\t\t\t\t<h2 style=\"text-align: left\"><strong>\u00bfEst\u00e1s interesado(a) en trabajar con una compa\u00f1\u00eda que se dedique a tu crecimiento y desarrollo?<\/strong><\/h2>\n<p style=\"text-align: left\">En EFCO nos especializamos en fabricaci\u00f3n, dise\u00f1o, ingenier\u00eda, dibujo, despacho y soporte para proyectos de construcci\u00f3n en todo el mundo.<\/p>\n<p style=\"text-align: left\">La pasi\u00f3n de nuestro equipo radica en la entrega del mejor servicio de su clase a los responsables de la construcci\u00f3n de estructuras de concreto en el mundo, al mismo tiempo que aumentamos el valor de aquellas estructuras, en beneficio de la sociedad, suministrando soluciones de encofrado y alzaprimado para concreto que sean seguras, productivas, oportunas, de alta calidad y rentables.<\/p>\n\t\t\t\t\t\t\t\t\t\t\t\t\t\t\t<\/div>\n\t\t\t\t\t\t<\/div>\n\t\t\t\t\t\t\t\t\t<\/div>\n\t\t\t<\/div>\n\t\t\t<\/div>\n<\/div>\n<\/div><\/section>\n\n\n\n<section class=\"wp-block-uagb-section uagb-section__wrap uagb-section__background-image uagb-block-5c38ceb3\"><div class=\"uagb-section__overlay\"><\/div><div class=\"uagb-section__inner-wrap\"><div class=\"container-fluid two-column-image-content angle-top-left half-background\">\n\t<div class=\"row\">\n\t\t\t\t\t<div class=\"col-md-6 white-bg\" >\n\t\t\t\t<h3>What\u2019s GREAT About Working at EFCO?<\/h3>\n<ul>\n<li>Opportunities to grow in a variety of Construction, Drafting, Engineering, and Manufacturing fields with hands-on experience!<\/li>\n<li>Tuition assistance program after 18 months of employment!<\/li>\n<li>Competitive salary with a potential sign-on bonus!*<\/li>\n<li>401k!<\/li>\n<li>Health, dental, vision, life, &amp; AD&amp;D insurance coverage!<\/li>\n<li>Paid vacation days &amp; paid holidays!<\/li>\n<\/ul>\n<p>&nbsp;<\/p>\n<h6 style=\"text-align: right\">*For specific locations and jobs only<\/h6>\n\t\t\t<\/div>\n\t\t\t<div class=\"col-md-6 white-bg\">\n\t\t\t\t<p><img loading=\"lazy\" decoding=\"async\" class=\"alignnone wp-image-363669\" src=\"https:\/\/www.efcoforms.com\/wp-content\/uploads\/2021\/12\/5-star-spanish-300x300.jpg\" alt=\"\" width=\"500\" height=\"500\" srcset=\"https:\/\/cdn-wordpress.webspec.cloud\/efcoforms.com\/uploads\/2021\/12\/5-star-spanish-300x300.jpg 300w, https:\/\/cdn-wordpress.webspec.cloud\/efcoforms.com\/uploads\/2021\/12\/5-star-spanish-1024x1024.jpg 1024w, https:\/\/cdn-wordpress.webspec.cloud\/efcoforms.com\/uploads\/2021\/12\/5-star-spanish-150x150.jpg 150w, https:\/\/cdn-wordpress.webspec.cloud\/efcoforms.com\/uploads\/2021\/12\/5-star-spanish-768x768.jpg 768w, https:\/\/cdn-wordpress.webspec.cloud\/efcoforms.com\/uploads\/2021\/12\/5-star-spanish-1536x1536.jpg 1536w, https:\/\/cdn-wordpress.webspec.cloud\/efcoforms.com\/uploads\/2021\/12\/5-star-spanish-2048x2048.jpg 2048w, https:\/\/cdn-wordpress.webspec.cloud\/efcoforms.com\/uploads\/2021\/12\/5-star-spanish-24x24.jpg 24w, https:\/\/cdn-wordpress.webspec.cloud\/efcoforms.com\/uploads\/2021\/12\/5-star-spanish-36x36.jpg 36w, https:\/\/cdn-wordpress.webspec.cloud\/efcoforms.com\/uploads\/2021\/12\/5-star-spanish-48x48.jpg 48w, https:\/\/cdn-wordpress.webspec.cloud\/efcoforms.com\/uploads\/2021\/12\/5-star-spanish-1080x1080.jpg 1080w, https:\/\/cdn-wordpress.webspec.cloud\/efcoforms.com\/uploads\/2021\/12\/5-star-spanish.jpg 2000w\" sizes=\"auto, (max-width: 500px) 100vw, 500px\" \/><\/p>\n\t\t\t<\/div>\n\t\t\t<\/div>\n<\/div>\n<\/div><\/section>\n\n\n\n<section class=\"wp-block-uagb-section uagb-section__wrap uagb-section__background-image uagb-block-b60ecc57\"><div class=\"uagb-section__overlay\"><\/div><div class=\"uagb-section__inner-wrap\">\n<div class=\"wp-block-columns is-layout-flex wp-container-core-columns-is-layout-9d6595d7 wp-block-columns-is-layout-flex\">\n<div class=\"wp-block-column is-layout-flow wp-block-column-is-layout-flow\">\n<figure class=\"wp-block-image size-large\"><img loading=\"lazy\" decoding=\"async\" width=\"1024\" height=\"1024\" src=\"https:\/\/www.efcoforms.com\/wp-content\/uploads\/2021\/12\/We-are-hiring-join-our-team-spanish-1024x1024.png\" alt=\"\" class=\"wp-image-363658\" srcset=\"https:\/\/cdn-wordpress.webspec.cloud\/efcoforms.com\/uploads\/2021\/12\/We-are-hiring-join-our-team-spanish-1024x1024.png 1024w, https:\/\/cdn-wordpress.webspec.cloud\/efcoforms.com\/uploads\/2021\/12\/We-are-hiring-join-our-team-spanish-300x300.png 300w, https:\/\/cdn-wordpress.webspec.cloud\/efcoforms.com\/uploads\/2021\/12\/We-are-hiring-join-our-team-spanish-150x150.png 150w, https:\/\/cdn-wordpress.webspec.cloud\/efcoforms.com\/uploads\/2021\/12\/We-are-hiring-join-our-team-spanish-768x768.png 768w, https:\/\/cdn-wordpress.webspec.cloud\/efcoforms.com\/uploads\/2021\/12\/We-are-hiring-join-our-team-spanish-1536x1536.png 1536w, https:\/\/cdn-wordpress.webspec.cloud\/efcoforms.com\/uploads\/2021\/12\/We-are-hiring-join-our-team-spanish-2048x2048.png 2048w, https:\/\/cdn-wordpress.webspec.cloud\/efcoforms.com\/uploads\/2021\/12\/We-are-hiring-join-our-team-spanish-24x24.png 24w, https:\/\/cdn-wordpress.webspec.cloud\/efcoforms.com\/uploads\/2021\/12\/We-are-hiring-join-our-team-spanish-36x36.png 36w, https:\/\/cdn-wordpress.webspec.cloud\/efcoforms.com\/uploads\/2021\/12\/We-are-hiring-join-our-team-spanish-48x48.png 48w, https:\/\/cdn-wordpress.webspec.cloud\/efcoforms.com\/uploads\/2021\/12\/We-are-hiring-join-our-team-spanish-1080x1080.png 1080w, https:\/\/cdn-wordpress.webspec.cloud\/efcoforms.com\/uploads\/2021\/12\/We-are-hiring-join-our-team-spanish.png 2000w\" sizes=\"auto, (max-width: 1024px) 100vw, 1024px\" \/><\/figure>\n<\/div>\n\n\n\n<div class=\"wp-block-column is-vertically-aligned-center is-layout-flow wp-block-column-is-layout-flow\">\n<div style=\"height:51px\" aria-hidden=\"true\" class=\"wp-block-spacer\"><\/div>\n\n\n\n<h2 class=\"wp-block-heading has-text-align-center\">\u00a1Visita nuestra p\u00e1gina con la lista de empleos disponibles!<\/h2>\n\n\n\n<div style=\"height:39px\" aria-hidden=\"true\" class=\"wp-block-spacer\"><\/div>\n\n\n\n<div class=\"wp-block-buttons is-horizontal is-content-justification-right is-layout-flex wp-container-core-buttons-is-layout-ae2fe186 wp-block-buttons-is-layout-flex\">\n<div class=\"wp-block-button\"><a class=\"wp-block-button__link wp-element-button\" href=\"https:\/\/globalus242.dayforcehcm.com\/CandidatePortal\/en-US\/efcoforms\/SITE\/EFCOcareers\">\u00a1Estamos Contratando Ahora!<\/a><\/div>\n<\/div>\n<\/div>\n<\/div>\n<\/div><\/section>\n\n\n\n<p><\/p>\n","protected":false},"excerpt":{"rendered":"<p>\u00bfQuieres unirte a NUESTRO EQUIPO? \u00a1Y te queremos A TI!<\/p>\n","protected":false},"author":2,"featured_media":0,"parent":0,"menu_order":0,"comment_status":"closed","ping_status":"closed","template":"","meta":{"_acf_changed":false,"_uag_custom_page_level_css":"","footnotes":""},"class_list":["post-362513","page","type-page","status-publish","hentry"],"aioseo_notices":[],"featured_image_src":null,"acf":[],"uagb_featured_image_src":{"full":false,"thumbnail":false,"medium":false,"medium_large":false,"large":false,"1536x1536":false,"2048x2048":false,"gform-image-choice-sm":false,"gform-image-choice-md":false,"gform-image-choice-lg":false,"menu-24x24":false,"menu-36x36":false,"menu-48x48":false,"fullscreen":false},"uagb_author_info":{"display_name":"Krista Jaspering","author_link":"https:\/\/www.efcoforms.com\/es\/author\/krista_jaspering\/"},"uagb_comment_info":0,"uagb_excerpt":"\u00bfQuieres unirte a NUESTRO EQUIPO? \u00a1Y te queremos A TI!","_links":{"self":[{"href":"https:\/\/www.efcoforms.com\/es\/wp-json\/wp\/v2\/pages\/362513","targetHints":{"allow":["GET"]}}],"collection":[{"href":"https:\/\/www.efcoforms.com\/es\/wp-json\/wp\/v2\/pages"}],"about":[{"href":"https:\/\/www.efcoforms.com\/es\/wp-json\/wp\/v2\/types\/page"}],"author":[{"embeddable":true,"href":"https:\/\/www.efcoforms.com\/es\/wp-json\/wp\/v2\/users\/2"}],"replies":[{"embeddable":true,"href":"https:\/\/www.efcoforms.com\/es\/wp-json\/wp\/v2\/comments?post=362513"}],"version-history":[{"count":10,"href":"https:\/\/www.efcoforms.com\/es\/wp-json\/wp\/v2\/pages\/362513\/revisions"}],"predecessor-version":[{"id":376367,"href":"https:\/\/www.efcoforms.com\/es\/wp-json\/wp\/v2\/pages\/362513\/revisions\/376367"}],"wp:attachment":[{"href":"https:\/\/www.efcoforms.com\/es\/wp-json\/wp\/v2\/media?parent=362513"}],"curies":[{"name":"wp","href":"https:\/\/api.w.org\/{rel}","templated":true}]}}