{"id":5107,"date":"2020-04-29T13:19:20","date_gmt":"2020-04-29T18:19:20","guid":{"rendered":"https:\/\/www.efcoforms.com\/?page_id=5107"},"modified":"2020-06-05T09:25:24","modified_gmt":"2020-06-05T14:25:24","slug":"conozca-a-efco","status":"publish","type":"page","link":"https:\/\/www.efcoforms.com\/es\/conozca-a-efco\/","title":{"rendered":"Conozca A EFCO"},"content":{"rendered":"<div id=\"featured-image\"\n\tclass=\"\"\n\tstyle=\"background-image:url('https:\/\/cdn-wordpress.webspec.cloud\/efcoforms.com\/uploads\/2020\/02\/PG-BRIDGE-FA12-ARCHERWESTERN-7.png');\"\n>\n\t\t\t<div class=\"hero-overlay\"\n\t\t\t\t\t><\/div>\n\t\t\t\t\t\t<div class=\"center-hero-info\">\n\t\t\t\n\t\t\t<header class=\"entry-header\">\n\n\t\t\t\t<h1 class=\"entry-title\" style='color: #FFF;'>\n\t\t\t\t\tConozca A EFCO\t\t\t\t<\/h1>\n\n\t\t\t<\/header><!-- .entry-header -->\n\t\t<\/div>\n\t<\/div>\n\n\n\n<section class=\"wp-block-uagb-section uagb-section__wrap uagb-section__background-color uagb-block-b558cb15-6fb0-4427-9671-e9309c10661d angle-top-left\"><div class=\"uagb-section__overlay\"><\/div><div class=\"uagb-section__inner-wrap\">\n<h2 class=\"has-text-align-center wp-block-heading\">Historia De EFCO<\/h2>\n\n\n\n<p>Nuestro fundador, W.A. Jennings inici\u00f3 un legado de logros de ingenier\u00eda a partir de 1934, con m\u00e1s de 25 patentes. El Sr. Jennings y sus tres hijos desplegaron con orgullo una visi\u00f3n empresarial y una pasi\u00f3n que entusiasm\u00f3 tanto a los inversionistas como a los empleados. Actualmente, reconocemos esta visi\u00f3n como nuestra ideolog\u00eda central: entregar a los clientes el mejor valor y los costos m\u00e1s bajos de concreto vaciado en obra.<\/p>\n\n\n\n<p>En 1937 EFCO abri\u00f3 sus instalaciones en el 4301 de la calle Northeast 14<sup>th<\/sup> en Des Moines, Iowa, en donde los Paneles Manuales se fabricaban y vend\u00edan. Este lugar fue la oficina central de Economy Forms por 55 a\u00f1os, hasta que en 1992 EFCO se traslad\u00f3 a solo unos minutos de distancia donde actualmente se encuentra la casa Matriz de EFCO en la avenida Broadway en Des Moines.<\/p>\n\n\n\n<p>Actualmente, la base de ingenier\u00eda de EFCO es mucho m\u00e1s amplia, ya que re\u00fane a algunos de los mejores ingenieros en todo el mundo. Estamos orgullosos de ser conocidos por ser innovadores y por desarrollar soluciones creativas de ingenier\u00eda en encofrado y apuntalamiento para construcciones en concreto.<\/p>\n<\/div><\/section>\n\n\n\n<section class=\"wp-block-uagb-section uagb-section__wrap uagb-section__background-image uagb-block-ffc3ac1a-887c-48e0-90fb-8dc39afe7923\"><div class=\"uagb-section__overlay\"><\/div><div class=\"uagb-section__inner-wrap\">\n<h2 class=\"has-white-color has-text-color wp-block-heading\">\u00bfPor Qu\u00e9 Elegir A EFCO?<\/h2>\n\n\n\n<p class=\"has-text-color has-white-color\">En EFCO, nuestro equipo cree en hacerle frente a cualquier desaf\u00edo, creando una visi\u00f3n y entregando una soluci\u00f3n. Creemos en la dedicaci\u00f3n, el trabajo duro, y una tarea bien hecha. Creemos en un servicio superior, en relaciones s\u00f3lidas y en la creaci\u00f3n de impresiones duraderas.<\/p>\n<\/div><\/section>\n\n\n\n<section class=\"wp-block-uagb-section uagb-section__wrap uagb-section__background-undefined uagb-block-20425ba7-f3be-43b5-a008-fcdcfa6d2a60\"><div class=\"uagb-section__overlay\"><\/div><div class=\"uagb-section__inner-wrap\"><div class=\"container-fluid two-column-image-content angle-top-left \">\n\t<div class=\"row\">\n\t\t\t\t\t<div class=\"col-md-12 grey-texture-bg\" >\n\t\t\t\t<div class=\"row\">\n\t\t\t\t\t\t\t\t\t\t\t<div class=\"col-md-6\" >\n\t\t\t\t\t\t\t<h3>Soluciones Para La Construcci\u00f3n En Concreto<\/h3>\n<p>Nuestra pasi\u00f3n radica en ayudar a aquellos que est\u00e1n a cargo de la construcci\u00f3n de las estructuras de concreto en el mundo, con una soluci\u00f3n de encofrado segura, confiable, productiva y rentable. Esto lo hacemos desarrollando la ingenier\u00eda, dise\u00f1ando, fabricando, entregando y supervisando en obra los sistemas de encofrado y apuntalamiento de losas para la construcci\u00f3n en concreto. Todo este paquete est\u00e1 respaldado por d\u00e9cadas de experiencia y por un equipo de profesionales en encofrado dedicados a la ejecuci\u00f3n exitosa de su proyecto.<\/p>\n\t\t\t\t\t\t<\/div>\n\t\t\t\t\t\t<div class=\"col-md-6\">\n\t\t\t\t\t\t\t<h3>PRIMERO LA SEGURIDAD<\/h3>\n<p>Los productos fabricados por EFCO son seguros, simples de usar, resistentes y duraderos. Est\u00e1n dise\u00f1ados para encofrar concreto de muchas formas, dimensiones o configuraciones. El encofrado EFCO est\u00e1 dise\u00f1ado para exceder las expectativas de sus usuarios. Por mucho tiempo hemos sido la primera opci\u00f3n de aquellos contratistas interesados en ejecutar su obra en forma segura, rentable y dentro de los plazos requeridos.<\/p>\n\t\t\t\t\t\t<\/div>\n\t\t\t\t\t\t\t\t\t<\/div>\n\t\t\t<\/div>\n\t\t\t<\/div>\n<\/div>\n<\/div><\/section>\n\n\n\n<section class=\"wp-block-uagb-section uagb-section__wrap uagb-section__background-color uagb-block-b547b2b4-2ef7-4b42-b845-d4b761c4e087 angle-top-right\"><div class=\"uagb-section__overlay\"><\/div><div class=\"uagb-section__inner-wrap\">\n<h3 class=\"wp-block-heading\">DEDICADOS AL ENCOFRADO Y APUNTALAMIENTO DE ESTRUCTURAS EN CONCRETO<\/h3>\n\n\n\n<p>Cuando seleccione a su proveedor de encofrado, considere que el factor m\u00e1s importante no es el costo inicial del equipo. Como cliente, usted siempre debe evaluar el paquete completo que incluye:&nbsp;<\/p>\n\n\n\n<div class=\"wp-block-columns is-layout-flex wp-container-core-columns-is-layout-9d6595d7 wp-block-columns-is-layout-flex\">\n<div class=\"wp-block-column is-layout-flow wp-block-column-is-layout-flow\">\n<ul class=\"wp-block-list\"><li>Costo inicial del alquiler o compra<\/li><li>Costo de la mano de obra para utilizar el sistema<\/li><li>Costo administrativo de usar y trabajar con el proveedor&nbsp;<\/li><li>Facturaci\u00f3n f\u00e1cil de entender y cargos predecibles<\/li><li>Historial de \u00e9xitos del proveedor&nbsp;<\/li><li>Si se requiere, el costo de un acabado arquitect\u00f3nico del concreto<\/li><li>Disponibilidad y confiabilidad de las entregas&nbsp;<\/li><li>Apoyo de ingenier\u00eda<\/li><li>Planos de montaje f\u00e1ciles de leer<\/li><\/ul>\n<\/div>\n\n\n\n<div class=\"wp-block-column is-layout-flow wp-block-column-is-layout-flow\">\n<ul class=\"wp-block-list\"><li>Servicio de campo cuando m\u00e1s lo necesite<\/li><li>Dise\u00f1o seguro de productos<\/li><li>Proveedor con Estabilidad financiera confiable<\/li><li>Conteos exactos en despachos y devoluciones<\/li><li>La pasi\u00f3n de una compa\u00f1\u00eda propiedad de los empleados<\/li><li>\u00bfD\u00f3nde se fabric\u00f3 el producto?<\/li><li>\u00bfEst\u00e1 comprando una copia o un producto original?<\/li><li>\u00bfEst\u00e1 buscando la tecnolog\u00eda m\u00e1s nueva en la industria?<\/li><\/ul>\n<\/div>\n<\/div>\n\n\n\n<p><\/p>\n<\/div><\/section>\n\n\n\n<section class=\"wp-block-uagb-section uagb-section__wrap uagb-section__background-undefined uagb-block-a5972bf6 left-slash-cta\"><div class=\"uagb-section__overlay\"><\/div><div class=\"uagb-section__inner-wrap\"><div class=\"container-fluid half-slash-row left-side-content\">\n\t<div class=\"row\">\n\t\t<div class=\"col-xs 12 col-md-6\">\n\t\t\t<h2>\u00bfPor qu\u00e9 confiar en alguien m\u00e1s?<\/h2>\n<p>Nuestros expertos est\u00e1n listos para ayudarle a encontrar las soluciones apropiadas para los requerimientos de encofrado y apuntalamiento de su proyecto.<\/p>\n<p><a class=\"YELLOW-BUTTON\" href=\"https:\/\/www.efcoforms.com\/es\/contacto\/\">CONT\u00c1CTENOS<\/a><\/p>\n\t\t<\/div>\n\t\t<div class=\"col-xs 12 col-md-6\">\n\t\t\t<img decoding=\"async\" src=\"https:\/\/cdn-wordpress.webspec.cloud\/efcoforms.com\/uploads\/2021\/05\/trusted-partner-1200x500-1.jpg\" alt=\"Why Trust Anyone Else?\" \/>\n\t\t<\/div>\n\t<\/div>\n<\/div>\n<\/div><\/section>\n","protected":false},"excerpt":{"rendered":"","protected":false},"author":1,"featured_media":0,"parent":0,"menu_order":0,"comment_status":"closed","ping_status":"closed","template":"","meta":{"_acf_changed":false,"_uag_custom_page_level_css":"","footnotes":""},"class_list":["post-5107","page","type-page","status-publish","hentry"],"aioseo_notices":[],"featured_image_src":null,"acf":[],"uagb_featured_image_src":{"full":false,"thumbnail":false,"medium":false,"medium_large":false,"large":false,"1536x1536":false,"2048x2048":false,"gform-image-choice-sm":false,"gform-image-choice-md":false,"gform-image-choice-lg":false,"menu-24x24":false,"menu-36x36":false,"menu-48x48":false,"fullscreen":false},"uagb_author_info":{"display_name":"webspec_admin","author_link":"https:\/\/www.efcoforms.com\/es\/author\/webspec_admin\/"},"uagb_comment_info":0,"uagb_excerpt":null,"_links":{"self":[{"href":"https:\/\/www.efcoforms.com\/es\/wp-json\/wp\/v2\/pages\/5107","targetHints":{"allow":["GET"]}}],"collection":[{"href":"https:\/\/www.efcoforms.com\/es\/wp-json\/wp\/v2\/pages"}],"about":[{"href":"https:\/\/www.efcoforms.com\/es\/wp-json\/wp\/v2\/types\/page"}],"author":[{"embeddable":true,"href":"https:\/\/www.efcoforms.com\/es\/wp-json\/wp\/v2\/users\/1"}],"replies":[{"embeddable":true,"href":"https:\/\/www.efcoforms.com\/es\/wp-json\/wp\/v2\/comments?post=5107"}],"version-history":[{"count":0,"href":"https:\/\/www.efcoforms.com\/es\/wp-json\/wp\/v2\/pages\/5107\/revisions"}],"wp:attachment":[{"href":"https:\/\/www.efcoforms.com\/es\/wp-json\/wp\/v2\/media?parent=5107"}],"curies":[{"name":"wp","href":"https:\/\/api.w.org\/{rel}","templated":true}]}}