{"id":5117,"date":"2020-03-25T10:22:37","date_gmt":"2020-03-25T15:22:37","guid":{"rendered":"https:\/\/www.efcoforms.com\/?page_id=5117"},"modified":"2020-06-23T10:42:12","modified_gmt":"2020-06-23T15:42:12","slug":"apuntalamiento","status":"publish","type":"page","link":"https:\/\/www.efcoforms.com\/es\/apuntalamiento\/","title":{"rendered":"Sistemas De Apuntalamiento Para Concreto"},"content":{"rendered":"<div id=\"featured-image\"\n\tclass=\"\"\n\tstyle=\"background-image:url('https:\/\/cdn-wordpress.webspec.cloud\/efcoforms.com\/uploads\/2020\/03\/500x500-concrete-slab.jpg');\"\n>\n\t\t\t<div class=\"hero-overlay\"\n\t\t\t\t\t><\/div>\n\t\t\t\t\t\t<div class=\"center-hero-info\">\n\t\t\t\t\t\t\t\t\t\t\t<img decoding=\"async\" src=\"https:\/\/cdn-wordpress.webspec.cloud\/efcoforms.com\/uploads\/2020\/02\/Group-175.png\" alt=\"Shoring Icon - gold\" \/>\n\t\t\t\n\t\t\t<header class=\"entry-header\">\n\n\t\t\t\t<h1 class=\"entry-title\" style='color: #FFF;'>\n\t\t\t\t\tSistemas De Apuntalamiento Para Concreto\t\t\t\t<\/h1>\n\n\t\t\t<\/header><!-- .entry-header -->\n\t\t<\/div>\n\t<\/div>\n\n\n\n<section class=\"wp-block-uagb-section uagb-section__wrap uagb-section__background-undefined uagb-block-9780be3f-053d-4d0f-9703-85cfdf8e53df\"><div class=\"uagb-section__overlay\"><\/div><div class=\"uagb-section__inner-wrap\"><div class=\"container-fluid two-column-image-content angle-top-left \">\n\t<div class=\"row\">\n\t\t\t\t\t<div class=\"col-md-12 white-bg\" >\n\t\t\t\t<div class=\"row\">\n\t\t\t\t\t\t\t\t\t\t\t<div class=\"col-md-6\" >\n\t\t\t\t\t\t\t<p><img loading=\"lazy\" decoding=\"async\" class=\"alignnone size-full wp-image-3038\" src=\"https:\/\/efcoforms.com\/wp-content\/uploads\/2020\/03\/500x500-concrete-slab.jpg\" alt=\"Concrete shoring\" width=\"500\" height=\"500\" srcset=\"https:\/\/cdn-wordpress.webspec.cloud\/efcoforms.com\/uploads\/2020\/03\/500x500-concrete-slab.jpg 500w, https:\/\/cdn-wordpress.webspec.cloud\/efcoforms.com\/uploads\/2020\/03\/500x500-concrete-slab-300x300.jpg 300w, https:\/\/cdn-wordpress.webspec.cloud\/efcoforms.com\/uploads\/2020\/03\/500x500-concrete-slab-150x150.jpg 150w, https:\/\/cdn-wordpress.webspec.cloud\/efcoforms.com\/uploads\/2020\/03\/500x500-concrete-slab-24x24.jpg 24w, https:\/\/cdn-wordpress.webspec.cloud\/efcoforms.com\/uploads\/2020\/03\/500x500-concrete-slab-36x36.jpg 36w, https:\/\/cdn-wordpress.webspec.cloud\/efcoforms.com\/uploads\/2020\/03\/500x500-concrete-slab-48x48.jpg 48w\" sizes=\"auto, (max-width: 500px) 100vw, 500px\" \/><\/p>\n\t\t\t\t\t\t<\/div>\n\t\t\t\t\t\t<div class=\"col-md-6\">\n\t\t\t\t\t\t\t<h2>Apuntalamiento De Alta Capacidad Para Obras Civiles Y Construcci\u00f3n De Edificios<\/h2>\n<p>EFCO es un proveedor a nivel mundial de un amplio rango de productos de apuntalamiento que se ajustan a las necesidades de los contratistas en todo tipo de aplicaciones de construcci\u00f3n en concreto.\u00a0 El apuntalamiento EFCO se ensambla r\u00e1pidamente y se adapta f\u00e1cilmente a un amplio rango de alturas. Cubra las necesidades de sus dise\u00f1os con los flexibles sistemas de apuntalamiento de losa EFCO.<\/p>\n\t\t\t\t\t\t<\/div>\n\t\t\t\t\t\t\t\t\t<\/div>\n\t\t\t<\/div>\n\t\t\t<\/div>\n<\/div>\n<\/div><\/section>\n\n\n\n<section class=\"wp-block-uagb-section uagb-section__wrap uagb-section__background-undefined uagb-block-521025de-3670-41f5-9918-09ee6e327e17\"><div class=\"uagb-section__overlay\"><\/div><div class=\"uagb-section__inner-wrap\"><div class=\"container-fluid two-column-image-content angle-top-left \">\n\t<div class=\"row\">\n\t\t\t\t\t<div class=\"col-md-12 grey-texture-bg\" >\n\t\t\t\t<div class=\"row\">\n\t\t\t\t\t\t\t\t\t\t\t<div class=\"col-md-6\" >\n\t\t\t\t\t\t\t<h2>Tiempos R\u00e1pidos De Ciclado<\/h2>\n<p>Desde hace mucho tiempo EFCO ha sido la primera opci\u00f3n para los contratistas interesados en completar sus obras en forma segura, rentable y antes de lo programado. Nuestros productos trabajan juntos para crear un sistema que se ajuste a las necesidades de su proyecto y la mec\u00e1nica simple pero efectiva de nuestros sistemas permite que las cuadrillas de trabajo aprendan r\u00e1pidamente c\u00f3mo ensamblar y ciclar el equipo.<\/p>\n\t\t\t\t\t\t<\/div>\n\t\t\t\t\t\t<div class=\"col-md-6\">\n\t\t\t\t\t\t\t<p><img loading=\"lazy\" decoding=\"async\" class=\"alignnone size-full wp-image-3040\" src=\"https:\/\/efcoforms.com\/wp-content\/uploads\/2020\/03\/500x500-Slab-DECK.jpg\" alt=\"Slab and Deck Shoring Systems\" width=\"500\" height=\"500\" srcset=\"https:\/\/cdn-wordpress.webspec.cloud\/efcoforms.com\/uploads\/2020\/03\/500x500-Slab-DECK.jpg 500w, https:\/\/cdn-wordpress.webspec.cloud\/efcoforms.com\/uploads\/2020\/03\/500x500-Slab-DECK-300x300.jpg 300w, https:\/\/cdn-wordpress.webspec.cloud\/efcoforms.com\/uploads\/2020\/03\/500x500-Slab-DECK-150x150.jpg 150w, https:\/\/cdn-wordpress.webspec.cloud\/efcoforms.com\/uploads\/2020\/03\/500x500-Slab-DECK-24x24.jpg 24w, https:\/\/cdn-wordpress.webspec.cloud\/efcoforms.com\/uploads\/2020\/03\/500x500-Slab-DECK-36x36.jpg 36w, https:\/\/cdn-wordpress.webspec.cloud\/efcoforms.com\/uploads\/2020\/03\/500x500-Slab-DECK-48x48.jpg 48w\" sizes=\"auto, (max-width: 500px) 100vw, 500px\" \/><\/p>\n\t\t\t\t\t\t<\/div>\n\t\t\t\t\t\t\t\t\t<\/div>\n\t\t\t<\/div>\n\t\t\t<\/div>\n<\/div>\n<\/div><\/section>\n\n\n\n<section class=\"wp-block-uagb-section uagb-section__wrap uagb-section__background-undefined uagb-block-204285d8-a86e-4057-b3ef-73ce1950b908\"><div class=\"uagb-section__overlay\"><\/div><div class=\"uagb-section__inner-wrap\"><div class=\"container-fluid two-column-image-content angle-top-left \">\n\t<div class=\"row\">\n\t\t\t\t\t<div class=\"col-md-12 white-bg\" >\n\t\t\t\t<div class=\"row\">\n\t\t\t\t\t\t\t\t\t\t\t<div class=\"col-md-6\" >\n\t\t\t\t\t\t\t<p><img loading=\"lazy\" decoding=\"async\" class=\"alignnone size-full wp-image-3054\" src=\"https:\/\/efcoforms.com\/wp-content\/uploads\/2020\/03\/500x500-field-sservice-2.jpg\" alt=\"\" width=\"500\" height=\"500\" srcset=\"https:\/\/cdn-wordpress.webspec.cloud\/efcoforms.com\/uploads\/2020\/03\/500x500-field-sservice-2.jpg 500w, https:\/\/cdn-wordpress.webspec.cloud\/efcoforms.com\/uploads\/2020\/03\/500x500-field-sservice-2-300x300.jpg 300w, https:\/\/cdn-wordpress.webspec.cloud\/efcoforms.com\/uploads\/2020\/03\/500x500-field-sservice-2-150x150.jpg 150w, https:\/\/cdn-wordpress.webspec.cloud\/efcoforms.com\/uploads\/2020\/03\/500x500-field-sservice-2-24x24.jpg 24w, https:\/\/cdn-wordpress.webspec.cloud\/efcoforms.com\/uploads\/2020\/03\/500x500-field-sservice-2-36x36.jpg 36w, https:\/\/cdn-wordpress.webspec.cloud\/efcoforms.com\/uploads\/2020\/03\/500x500-field-sservice-2-48x48.jpg 48w\" sizes=\"auto, (max-width: 500px) 100vw, 500px\" \/><\/p>\n\t\t\t\t\t\t<\/div>\n\t\t\t\t\t\t<div class=\"col-md-6\">\n\t\t\t\t\t\t\t<h2>Apoyo Completo De Servicio De Campo<\/h2>\n<p>EFCO tiene un dedicado grupo de especialistas en apuntalamiento, entrenado espec\u00edficamente en el uso de nuestros productos, cuya misi\u00f3n es apoyar a los contratistas en obra con la planeaci\u00f3n, el ensamble y el ciclado del equipo.\u00a0 Cada representante de Servicio de Campo ayudar\u00e1 a las cuadrillas de su proyecto para que sigan las recomendaciones de eficiencia y productividad, de manera que puedan producir un impacto positivo en el seguimiento de su presupuesto.<\/p>\n\t\t\t\t\t\t<\/div>\n\t\t\t\t\t\t\t\t\t<\/div>\n\t\t\t<\/div>\n\t\t\t<\/div>\n<\/div>\n<\/div><\/section>\n\n\n\n<section class=\"wp-block-uagb-section uagb-section__wrap uagb-section__background-image uagb-block-30f63957-5a40-4607-97c3-acb3cb9c1cb2 background-angle\"><div class=\"uagb-section__overlay\"><\/div><div class=\"uagb-section__inner-wrap\">\n<h2 class=\"has-white-color has-text-color has-text-align-center wp-block-heading\">Sistemas De Apoyo Para Cargas Pesadas En Losas De Concreto<\/h2>\n\n\n\n<div class=\"wp-block-columns is-layout-flex wp-container-core-columns-is-layout-9d6595d7 wp-block-columns-is-layout-flex\">\n<div class=\"wp-block-column is-vertically-aligned-top is-layout-flow wp-block-column-is-layout-flow\">\n<figure class=\"wp-block-image size-large\"><img loading=\"lazy\" decoding=\"async\" width=\"500\" height=\"500\" src=\"https:\/\/www.efcoforms.com\/wp-content\/uploads\/2020\/03\/500x500-Slab-DECK.jpg\" alt=\"\" class=\"wp-image-3040\" srcset=\"https:\/\/cdn-wordpress.webspec.cloud\/efcoforms.com\/uploads\/2020\/03\/500x500-Slab-DECK.jpg 500w, https:\/\/cdn-wordpress.webspec.cloud\/efcoforms.com\/uploads\/2020\/03\/500x500-Slab-DECK-300x300.jpg 300w, https:\/\/cdn-wordpress.webspec.cloud\/efcoforms.com\/uploads\/2020\/03\/500x500-Slab-DECK-150x150.jpg 150w, https:\/\/cdn-wordpress.webspec.cloud\/efcoforms.com\/uploads\/2020\/03\/500x500-Slab-DECK-24x24.jpg 24w, https:\/\/cdn-wordpress.webspec.cloud\/efcoforms.com\/uploads\/2020\/03\/500x500-Slab-DECK-36x36.jpg 36w, https:\/\/cdn-wordpress.webspec.cloud\/efcoforms.com\/uploads\/2020\/03\/500x500-Slab-DECK-48x48.jpg 48w\" sizes=\"auto, (max-width: 500px) 100vw, 500px\" \/><\/figure>\n\n\n\n<h3 class=\"has-white-color has-text-color has-text-align-left wp-block-heading\">Losas Y Cubiertas<\/h3>\n\n\n\n<p class=\"has-text-color has-text-align-left has-small-font-size has-white-color\">Nuestros sistemas de apuntalamiento est\u00e1n dise\u00f1ados para soportar en altura las pesadas cargas de losas y cubiertas en una gran variedad de proyectos de construcci\u00f3n en concreto.&nbsp; Los sistemas de apuntalamiento EFCO le ayudan a eliminar la necesidad de reapuntalamiento y le entregan el costo m\u00e1s bajo de concreto vaciado en obra para losas en altura. <\/p>\n\n\n\n<p class=\"has-text-color has-text-align-left has-medium-font-size has-yellow-color\"><a href=\"https:\/\/www.efcoforms.com\/es\/productos\/apuntalamiento\/torres-de-apuntalamiento-50k-y-100k\/\" title=\"Torres De Apuntalamiento 50K Y 100K\">50K-100K<\/a>\u00ae<a class=\"aioseop-link\" href=\"https:\/\/www.efcoforms.com\/products\/shoring\/slab-and-deck-50-100k\"><br><\/a><a href=\"https:\/\/www.efcoforms.com\/es\/productos\/apuntalamiento\/adjust-a-deck\/\" title=\"ADJUST-A-DECK\u00ae\">ADJUST-A-DECK<\/a>\u00ae<br><a href=\"https:\/\/www.efcoforms.com\/es\/productos\/apuntalamiento\/efco-deck\/\" title=\"EFCO DECK\u00ae\">EFCO DECK<\/a>\u00ae<br><a href=\"https:\/\/www.efcoforms.com\/es\/productos\/apuntalamiento\/e-z-deck\/\" title=\"E-Z DECK\u00ae\">E-Z DECK<\/a>\u00ae<br><a href=\"https:\/\/www.efcoforms.com\/es\/productos\/apuntalamiento\/pro-4\/\" title=\"PRO 4\u00ae\">PRO 4<\/a>\u00ae<\/p>\n<\/div>\n\n\n\n<div class=\"wp-block-column is-layout-flow wp-block-column-is-layout-flow\">\n<figure class=\"wp-block-image size-large\"><img loading=\"lazy\" decoding=\"async\" width=\"500\" height=\"500\" src=\"https:\/\/www.efcoforms.com\/wp-content\/uploads\/2020\/03\/500x500-construction-support.jpg\" alt=\"\" class=\"wp-image-3044\" srcset=\"https:\/\/cdn-wordpress.webspec.cloud\/efcoforms.com\/uploads\/2020\/03\/500x500-construction-support.jpg 500w, https:\/\/cdn-wordpress.webspec.cloud\/efcoforms.com\/uploads\/2020\/03\/500x500-construction-support-300x300.jpg 300w, https:\/\/cdn-wordpress.webspec.cloud\/efcoforms.com\/uploads\/2020\/03\/500x500-construction-support-150x150.jpg 150w, https:\/\/cdn-wordpress.webspec.cloud\/efcoforms.com\/uploads\/2020\/03\/500x500-construction-support-24x24.jpg 24w, https:\/\/cdn-wordpress.webspec.cloud\/efcoforms.com\/uploads\/2020\/03\/500x500-construction-support-36x36.jpg 36w, https:\/\/cdn-wordpress.webspec.cloud\/efcoforms.com\/uploads\/2020\/03\/500x500-construction-support-48x48.jpg 48w\" sizes=\"auto, (max-width: 500px) 100vw, 500px\" \/><\/figure>\n\n\n\n<h3 class=\"has-white-color has-text-color has-text-align-left wp-block-heading\">Soporte Para Construcci\u00f3n<\/h3>\n\n\n\n<p class=\"has-text-color has-text-align-left has-small-font-size has-white-color\">EFCO ofrece sistemas para el soporte en la construcci\u00f3n, que han sido dise\u00f1ados, ensayados y probados. El equipo est\u00e1 disponible en inventario para entrega inmediata en nuestras bodegas localizadas estrat\u00e9gicamente. Los sistemas de soporte EFCO re\u00fanen el conocimiento y las demandas de las obra, adem\u00e1s de las necesidades de los contratistas, capataces y sus cuadrillas. El uso de estos sistemas de soporte patentados, est\u00e1 limitado \u00fanicamente por la imaginaci\u00f3n del usuario. Est\u00e1n dise\u00f1ados para entregar el mejor valor y los costos m\u00e1s bajos de concreto vaciado en obra.<\/p>\n\n\n\n<p class=\"has-text-color has-text-align-left has-medium-font-size has-yellow-color\"><a href=\"https:\/\/www.efcoforms.com\/es\/productos\/apuntalamiento\/e-beam\/\" title=\"E-BEAM\u00ae\">E-BEAM<\/a>\u00ae<br><a href=\"https:\/\/www.efcoforms.com\/es\/productos\/apuntalamiento\/super-stud\/\" title=\"SUPER STUD\u00ae\">SUPER STUD<\/a>\u00ae<a class=\"aioseop-link\" href=\"https:\/\/www.efcoforms.com\/products\/shoring\/construction-support-super-stud\"><br><\/a><a href=\"https:\/\/www.efcoforms.com\/es\/productos\/apuntalamiento\/z-beam\/\" title=\"Z-BEAM\u00ae\">Z-BEAM<\/a>\u00ae<a class=\"aioseop-link\" href=\"https:\/\/www.efcoforms.com\/products\/shoring\/construction-support-z-beam\"><br><\/a><a href=\"https:\/\/www.efcoforms.com\/es\/productos\/apuntalamiento\/power-shield\/\" title=\"POWER SHIELD\u00ae\">POWER SHIELD<\/a>\u00ae<\/p>\n<\/div>\n\n\n\n<div class=\"wp-block-column is-layout-flow wp-block-column-is-layout-flow\">\n<figure class=\"wp-block-image size-large\"><img loading=\"lazy\" decoding=\"async\" width=\"500\" height=\"500\" src=\"https:\/\/www.efcoforms.com\/wp-content\/uploads\/2020\/03\/500x500-Cunningham.jpg\" alt=\"\" class=\"wp-image-4421\" srcset=\"https:\/\/cdn-wordpress.webspec.cloud\/efcoforms.com\/uploads\/2020\/03\/500x500-Cunningham.jpg 500w, https:\/\/cdn-wordpress.webspec.cloud\/efcoforms.com\/uploads\/2020\/03\/500x500-Cunningham-300x300.jpg 300w, https:\/\/cdn-wordpress.webspec.cloud\/efcoforms.com\/uploads\/2020\/03\/500x500-Cunningham-150x150.jpg 150w, https:\/\/cdn-wordpress.webspec.cloud\/efcoforms.com\/uploads\/2020\/03\/500x500-Cunningham-24x24.jpg 24w, https:\/\/cdn-wordpress.webspec.cloud\/efcoforms.com\/uploads\/2020\/03\/500x500-Cunningham-36x36.jpg 36w, https:\/\/cdn-wordpress.webspec.cloud\/efcoforms.com\/uploads\/2020\/03\/500x500-Cunningham-48x48.jpg 48w\" sizes=\"auto, (max-width: 500px) 100vw, 500px\" \/><\/figure>\n\n\n\n<h3 class=\"has-white-color has-text-color has-text-align-left wp-block-heading\">Estacionamientos<\/h3>\n\n\n\n<p class=\"has-text-color has-text-align-left has-small-font-size has-white-color\">El sistema Cunningham EFCO ha sido reconocido como el sistema l\u00edder en la industria de la construcci\u00f3n para el encofrado de edificios de estacionamientos. Con un solo sistema se cubren los requerimientos de m\u00faltiples proyectos, incluyendo&nbsp; vigas de diferentes anchos y altos. El dise\u00f1o de tres piezas asegura un f\u00e1cil manejo, una f\u00e1cil limpieza, y lo que es m\u00e1s importante \u00a1versatilidad!<\/p>\n\n\n\n<p class=\"has-text-color has-text-align-left has-medium-font-size has-yellow-color\"><a href=\"https:\/\/www.efcoforms.com\/es\/productos\/apuntalamiento\/estacionamientos-cunningham-de-efco\/\" title=\"Estacionamientos Cunningham\u00ae De EFCO\">ESTACIONAMIENTOS CUNNINGHAM\u00ae DE EFCO<\/a><\/p>\n<\/div>\n<\/div>\n<\/div><\/section>\n\n\n\n<section class=\"wp-block-uagb-section uagb-section__wrap uagb-section__background-undefined uagb-block-a5972bf6 left-slash-cta\"><div class=\"uagb-section__overlay\"><\/div><div class=\"uagb-section__inner-wrap\"><div class=\"container-fluid half-slash-row left-side-content\">\n\t<div class=\"row\">\n\t\t<div class=\"col-xs 12 col-md-6\">\n\t\t\t<h2>\u00bfPor qu\u00e9 confiar en alguien m\u00e1s?<\/h2>\n<p>Nuestros expertos est\u00e1n listos para ayudarle a encontrar las soluciones apropiadas para los requerimientos de encofrado y apuntalamiento de su proyecto.<\/p>\n<p><a class=\"YELLOW-BUTTON\" href=\"https:\/\/www.efcoforms.com\/es\/contacto\/\">CONT\u00c1CTENOS<\/a><\/p>\n\t\t<\/div>\n\t\t<div class=\"col-xs 12 col-md-6\">\n\t\t\t<img decoding=\"async\" src=\"https:\/\/cdn-wordpress.webspec.cloud\/efcoforms.com\/uploads\/2021\/05\/trusted-partner-1200x500-1.jpg\" alt=\"Why Trust Anyone Else?\" \/>\n\t\t<\/div>\n\t<\/div>\n<\/div>\n<\/div><\/section>\n","protected":false},"excerpt":{"rendered":"","protected":false},"author":1,"featured_media":0,"parent":0,"menu_order":0,"comment_status":"closed","ping_status":"closed","template":"","meta":{"_acf_changed":false,"_uag_custom_page_level_css":"","footnotes":""},"class_list":["post-5117","page","type-page","status-publish","hentry"],"aioseo_notices":[],"featured_image_src":null,"acf":[],"uagb_featured_image_src":{"full":false,"thumbnail":false,"medium":false,"medium_large":false,"large":false,"1536x1536":false,"2048x2048":false,"gform-image-choice-sm":false,"gform-image-choice-md":false,"gform-image-choice-lg":false,"menu-24x24":false,"menu-36x36":false,"menu-48x48":false,"fullscreen":false},"uagb_author_info":{"display_name":"webspec_admin","author_link":"https:\/\/www.efcoforms.com\/es\/author\/webspec_admin\/"},"uagb_comment_info":0,"uagb_excerpt":null,"_links":{"self":[{"href":"https:\/\/www.efcoforms.com\/es\/wp-json\/wp\/v2\/pages\/5117","targetHints":{"allow":["GET"]}}],"collection":[{"href":"https:\/\/www.efcoforms.com\/es\/wp-json\/wp\/v2\/pages"}],"about":[{"href":"https:\/\/www.efcoforms.com\/es\/wp-json\/wp\/v2\/types\/page"}],"author":[{"embeddable":true,"href":"https:\/\/www.efcoforms.com\/es\/wp-json\/wp\/v2\/users\/1"}],"replies":[{"embeddable":true,"href":"https:\/\/www.efcoforms.com\/es\/wp-json\/wp\/v2\/comments?post=5117"}],"version-history":[{"count":0,"href":"https:\/\/www.efcoforms.com\/es\/wp-json\/wp\/v2\/pages\/5117\/revisions"}],"wp:attachment":[{"href":"https:\/\/www.efcoforms.com\/es\/wp-json\/wp\/v2\/media?parent=5117"}],"curies":[{"name":"wp","href":"https:\/\/api.w.org\/{rel}","templated":true}]}}