{"id":5501,"date":"2020-03-30T15:01:28","date_gmt":"2020-03-30T20:01:28","guid":{"rendered":"https:\/\/www.efcoforms.com\/services\/"},"modified":"2020-06-23T15:47:31","modified_gmt":"2020-06-23T20:47:31","slug":"servicios","status":"publish","type":"page","link":"https:\/\/www.efcoforms.com\/es\/servicios\/","title":{"rendered":"Servicios"},"content":{"rendered":"<div id=\"featured-image\"\n\tclass=\"\"\n\tstyle=\"background-image:url('https:\/\/cdn-wordpress.webspec.cloud\/efcoforms.com\/uploads\/2020\/02\/PG-BRIDGE-FA12-ARCHERWESTERN-7.png');\"\n>\n\t\t\t<div class=\"hero-overlay\"\n\t\t\t\t\t><\/div>\n\t\t\t\t\t\t<div class=\"center-hero-info\">\n\t\t\t\n\t\t\t<header class=\"entry-header\">\n\n\t\t\t\t<h1 class=\"entry-title\" style='color: #FFF;'>\n\t\t\t\t\tServicios\t\t\t\t<\/h1>\n\n\t\t\t<\/header><!-- .entry-header -->\n\t\t<\/div>\n\t<\/div>\n\n\n\n<section class=\"wp-block-uagb-section uagb-section__wrap uagb-section__background-undefined uagb-block-2ce463d7-0765-4190-aa1f-85da3aa01c80\"><div class=\"uagb-section__overlay\"><\/div><div class=\"uagb-section__inner-wrap\">\n<h2 class=\"has-text-align-center wp-block-heading\">RESOLVEMOS SUS NECESIDADES DE CONSTRUCCI\u00d3N EN CONCRETO<\/h2>\n\n\n\n<p class=\"has-text-align-center\">En EFCO estamos comprometidos a ser los mejores y estamos dedicados a entregar soluciones de ingenier\u00eda en encofrado y apuntalamiento para nuestros clientes.<\/p>\n\n\n\n<p class=\"has-text-align-center\">\u00bfPor qu\u00e9 elegir EFCO? Usted se beneficiar\u00e1 de las habilidades, el compromiso y la pasi\u00f3n de nuestros empleados por su trabajo.<\/p>\n<\/div><\/section>\n\n\n\n<section class=\"wp-block-uagb-section uagb-section__wrap uagb-section__background-undefined uagb-block-f318c282-00c9-4423-9e4f-be608b0dd2fb\"><div class=\"uagb-section__overlay\"><\/div><div class=\"uagb-section__inner-wrap\"><div class=\"container-fluid two-column-image-content angle-top-left \">\n\t<div class=\"row\">\n\t\t\t\t\t<div class=\"col-md-12 grey-texture-bg\" >\n\t\t\t\t<div class=\"row\">\n\t\t\t\t\t\t\t\t\t\t\t<div class=\"col-md-6\" >\n\t\t\t\t\t\t\t<h2>VENTAS<\/h2>\n<p>EFCO tiene oficinas de ventas alrededor del mundo. Nuestro equipo humano se esfuerza por entregarle a su proyecto eficiencia, productividad y seguridad, con lo cual Ud. obtiene el costo m\u00e1s bajo de concreto vaciado en obra.<\/p>\n<p>En la industria de la construcci\u00f3n en concreto los proyectos comienzan con el an\u00e1lisis y el dise\u00f1o de los sistemas de encofrado y apuntalamiento que cumplan con los requerimientos del proyecto. Su representante de EFCO escuchar\u00e1 sus necesidades y le ayudar\u00e1 a identificar el sistema de encofrado que mejor se ajuste a su proyecto. Nuestro equipo de ingenieros y supervisores de servicio de campo, especializado en encofrados, trabajar\u00e1 en conjunto con su equipo de profesionales. Ud. contar\u00e1 con el apoyo del equipo humano de EFCO a lo largo de la duraci\u00f3n del proyecto, empezando con el proceso de cotizaci\u00f3n durante la preventa y luego de la firma del contrato contin\u00faa con la ingenier\u00eda detallada, el despacho y la devoluci\u00f3n del equipo.<\/p>\n\t\t\t\t\t\t<\/div>\n\t\t\t\t\t\t<div class=\"col-md-6\">\n\t\t\t\t\t\t\t<p><img loading=\"lazy\" decoding=\"async\" class=\"alignnone wp-image-3052 size-full\" src=\"https:\/\/efcoforms.com\/wp-content\/uploads\/2020\/03\/500x500-services.jpg\" alt=\"EFCO Sales &amp; Service Graphic\" width=\"500\" height=\"500\" srcset=\"https:\/\/cdn-wordpress.webspec.cloud\/efcoforms.com\/uploads\/2020\/03\/500x500-services.jpg 500w, https:\/\/cdn-wordpress.webspec.cloud\/efcoforms.com\/uploads\/2020\/03\/500x500-services-300x300.jpg 300w, https:\/\/cdn-wordpress.webspec.cloud\/efcoforms.com\/uploads\/2020\/03\/500x500-services-150x150.jpg 150w, https:\/\/cdn-wordpress.webspec.cloud\/efcoforms.com\/uploads\/2020\/03\/500x500-services-24x24.jpg 24w, https:\/\/cdn-wordpress.webspec.cloud\/efcoforms.com\/uploads\/2020\/03\/500x500-services-36x36.jpg 36w, https:\/\/cdn-wordpress.webspec.cloud\/efcoforms.com\/uploads\/2020\/03\/500x500-services-48x48.jpg 48w\" sizes=\"auto, (max-width: 500px) 100vw, 500px\" \/><\/p>\n\t\t\t\t\t\t<\/div>\n\t\t\t\t\t\t\t\t\t<\/div>\n\t\t\t<\/div>\n\t\t\t<\/div>\n<\/div>\n<\/div><\/section>\n\n\n\n<section class=\"wp-block-uagb-section uagb-section__wrap uagb-section__background-undefined uagb-block-ac9c33d1-5baa-4a0e-ac9c-46eecf78bdd3\"><div class=\"uagb-section__overlay\"><\/div><div class=\"uagb-section__inner-wrap\"><div class=\"container-fluid two-column-image-content angle-top-left \">\n\t<div class=\"row\">\n\t\t\t\t\t<div class=\"col-md-12 white-bg\" >\n\t\t\t\t<div class=\"row\">\n\t\t\t\t\t\t\t\t\t\t\t<div class=\"col-md-6\" >\n\t\t\t\t\t\t\t<p><img loading=\"lazy\" decoding=\"async\" class=\"alignnone size-full wp-image-3071\" src=\"https:\/\/efcoforms.com\/wp-content\/uploads\/2020\/03\/500x500-plant.jpg\" alt=\"EFCO Manufacturing Plant\" width=\"500\" height=\"500\" srcset=\"https:\/\/cdn-wordpress.webspec.cloud\/efcoforms.com\/uploads\/2020\/03\/500x500-plant.jpg 500w, https:\/\/cdn-wordpress.webspec.cloud\/efcoforms.com\/uploads\/2020\/03\/500x500-plant-300x300.jpg 300w, https:\/\/cdn-wordpress.webspec.cloud\/efcoforms.com\/uploads\/2020\/03\/500x500-plant-150x150.jpg 150w, https:\/\/cdn-wordpress.webspec.cloud\/efcoforms.com\/uploads\/2020\/03\/500x500-plant-24x24.jpg 24w, https:\/\/cdn-wordpress.webspec.cloud\/efcoforms.com\/uploads\/2020\/03\/500x500-plant-36x36.jpg 36w, https:\/\/cdn-wordpress.webspec.cloud\/efcoforms.com\/uploads\/2020\/03\/500x500-plant-48x48.jpg 48w\" sizes=\"auto, (max-width: 500px) 100vw, 500px\" \/><\/p>\n\t\t\t\t\t\t<\/div>\n\t\t\t\t\t\t<div class=\"col-md-6\">\n\t\t\t\t\t\t\t<h2>FABRICACI\u00d3N<\/h2>\n<p>EFCO fabrica sus innovadores productos de alta calidad en Des Moines, Iowa, EUA, donde se encuentra su casa matriz. Nuestra tecnolog\u00eda de fabricaci\u00f3n sobresale frente a otros sistemas de la competencia disponibles en el mercado, especialmente en lo que tiene que ver con seguridad. Los equipos de EFCO cubrir\u00e1n sus requerimientos de encofrados y apuntalamiento para su proyecto.<\/p>\n\t\t\t\t\t\t<\/div>\n\t\t\t\t\t\t\t\t\t<\/div>\n\t\t\t<\/div>\n\t\t\t<\/div>\n<\/div>\n<\/div><\/section>\n\n\n\n<section class=\"wp-block-uagb-section uagb-section__wrap uagb-section__background-undefined uagb-block-8aef39eb-647b-4adf-9a75-0192d92efea0\"><div class=\"uagb-section__overlay\"><\/div><div class=\"uagb-section__inner-wrap\"><div class=\"container-fluid two-column-image-content angle-top-left \">\n\t<div class=\"row\">\n\t\t\t\t\t<div class=\"col-md-12 grey-texture-bg\" >\n\t\t\t\t<div class=\"row\">\n\t\t\t\t\t\t\t\t\t\t\t<div class=\"col-md-6\" >\n\t\t\t\t\t\t\t<h2>DISTRIBUCI\u00d3N<\/h2>\n<p>EFCO es exitoso a nivel mundial porque ofrece valor real. En todos los pa\u00edses y culturas se reconoce el valor y la alta calidad de los productos fabricados y entregados por EFCO. Nuestras bodegas de distribuci\u00f3n est\u00e1n localizadas alrededor del mundo y nuestro plan es exceder las expectativas de nuestros clientes.<\/p>\n\t\t\t\t\t\t<\/div>\n\t\t\t\t\t\t<div class=\"col-md-6\">\n\t\t\t\t\t\t\t<p><img loading=\"lazy\" decoding=\"async\" class=\"alignnone size-full wp-image-3073\" src=\"https:\/\/efcoforms.com\/wp-content\/uploads\/2020\/03\/500x500-distribution.jpg\" alt=\"EFCO Distribution\" width=\"500\" height=\"500\" srcset=\"https:\/\/cdn-wordpress.webspec.cloud\/efcoforms.com\/uploads\/2020\/03\/500x500-distribution.jpg 500w, https:\/\/cdn-wordpress.webspec.cloud\/efcoforms.com\/uploads\/2020\/03\/500x500-distribution-300x300.jpg 300w, https:\/\/cdn-wordpress.webspec.cloud\/efcoforms.com\/uploads\/2020\/03\/500x500-distribution-150x150.jpg 150w, https:\/\/cdn-wordpress.webspec.cloud\/efcoforms.com\/uploads\/2020\/03\/500x500-distribution-24x24.jpg 24w, https:\/\/cdn-wordpress.webspec.cloud\/efcoforms.com\/uploads\/2020\/03\/500x500-distribution-36x36.jpg 36w, https:\/\/cdn-wordpress.webspec.cloud\/efcoforms.com\/uploads\/2020\/03\/500x500-distribution-48x48.jpg 48w\" sizes=\"auto, (max-width: 500px) 100vw, 500px\" \/><\/p>\n\t\t\t\t\t\t<\/div>\n\t\t\t\t\t\t\t\t\t<\/div>\n\t\t\t<\/div>\n\t\t\t<\/div>\n<\/div>\n<\/div><\/section>\n\n\n\n<section class=\"wp-block-uagb-section uagb-section__wrap uagb-section__background-undefined uagb-block-d169178e-8bc9-422b-89ac-7302e305a429\"><div class=\"uagb-section__overlay\"><\/div><div class=\"uagb-section__inner-wrap\"><div class=\"container-fluid two-column-image-content angle-top-left \">\n\t<div class=\"row\">\n\t\t\t\t\t<div class=\"col-md-12 white-bg\" >\n\t\t\t\t<div class=\"row\">\n\t\t\t\t\t\t\t\t\t\t\t<div class=\"col-md-6\" >\n\t\t\t\t\t\t\t<p><img loading=\"lazy\" decoding=\"async\" class=\"alignnone size-full wp-image-3075\" src=\"https:\/\/efcoforms.com\/wp-content\/uploads\/2020\/03\/500x500-pre-assembly.jpg\" alt=\"EFCO Pre-Assembly Team\" width=\"500\" height=\"500\" srcset=\"https:\/\/cdn-wordpress.webspec.cloud\/efcoforms.com\/uploads\/2020\/03\/500x500-pre-assembly.jpg 500w, https:\/\/cdn-wordpress.webspec.cloud\/efcoforms.com\/uploads\/2020\/03\/500x500-pre-assembly-300x300.jpg 300w, https:\/\/cdn-wordpress.webspec.cloud\/efcoforms.com\/uploads\/2020\/03\/500x500-pre-assembly-150x150.jpg 150w, https:\/\/cdn-wordpress.webspec.cloud\/efcoforms.com\/uploads\/2020\/03\/500x500-pre-assembly-24x24.jpg 24w, https:\/\/cdn-wordpress.webspec.cloud\/efcoforms.com\/uploads\/2020\/03\/500x500-pre-assembly-36x36.jpg 36w, https:\/\/cdn-wordpress.webspec.cloud\/efcoforms.com\/uploads\/2020\/03\/500x500-pre-assembly-48x48.jpg 48w\" sizes=\"auto, (max-width: 500px) 100vw, 500px\" \/><\/p>\n\t\t\t\t\t\t<\/div>\n\t\t\t\t\t\t<div class=\"col-md-6\">\n\t\t\t\t\t\t\t<h2>PREENSAMBLAJE<\/h2>\n<p>EFCO ofrece la opci\u00f3n de preensamblar el equipo previo al despacho seg\u00fan los requerimientos de su encofrado.<\/p>\n\t\t\t\t\t\t<\/div>\n\t\t\t\t\t\t\t\t\t<\/div>\n\t\t\t<\/div>\n\t\t\t<\/div>\n<\/div>\n<\/div><\/section>\n\n\n\n<section class=\"wp-block-uagb-section uagb-section__wrap uagb-section__background-undefined uagb-block-62147a68-86a0-430a-8416-a03cbc42b862\"><div class=\"uagb-section__overlay\"><\/div><div class=\"uagb-section__inner-wrap\"><div class=\"container-fluid two-column-image-content angle-top-left \">\n\t<div class=\"row\">\n\t\t\t\t\t<div class=\"col-md-12 grey-texture-bg\" >\n\t\t\t\t<div class=\"row\">\n\t\t\t\t\t\t\t\t\t\t\t<div class=\"col-md-6\" >\n\t\t\t\t\t\t\t<h2>E-COMMERCE<br \/>\n(EFCO ONLINE)<\/h2>\n<p>EFCO ofrece un sistema de autoservicio en l\u00ednea para sus necesidades de equipo, mejorando el gerenciamiento del proyecto, e incrementando la eficiencia de todos los clientes de EFCO. \u00a1Reciba Super Servicio las 24 horas del d\u00eda, los 7 d\u00edas de la semana!<\/p>\n<ul>\n<li>Revise informaci\u00f3n detallada de las l\u00edneas de productos EFCO<\/li>\n<li>Mantenga carros de compras para alquilar o comprar equipo<\/li>\n<li>Alquile ciertos equipos por periodos cortos<\/li>\n<li>Revise detalles de los equipos que se encuentran en alquiler en el proyecto<\/li>\n<li>Encuentre recomendaciones e informaci\u00f3n sobre productos EFCO<\/li>\n<li>Revise el resumen de su cuenta y el informe del estado de cr\u00e9ditos<\/li>\n<li>Visualice y descargue cat\u00e1logos de los productos EFCO<\/li>\n<\/ul>\n<p>Para m\u00e1s informaci\u00f3n cont\u00e1ctese con <a href=\"mailto:efcoonline@efcoforms.com\">efcoonline@efcoforms.com<\/a>.<\/p>\n\t\t\t\t\t\t<\/div>\n\t\t\t\t\t\t<div class=\"col-md-6\">\n\t\t\t\t\t\t\t<p><img loading=\"lazy\" decoding=\"async\" class=\"alignnone size-full wp-image-3077\" src=\"https:\/\/efcoforms.com\/wp-content\/uploads\/2020\/03\/500x500-E-Commerce.jpg\" alt=\"\" width=\"500\" height=\"500\" srcset=\"https:\/\/cdn-wordpress.webspec.cloud\/efcoforms.com\/uploads\/2020\/03\/500x500-E-Commerce.jpg 500w, https:\/\/cdn-wordpress.webspec.cloud\/efcoforms.com\/uploads\/2020\/03\/500x500-E-Commerce-300x300.jpg 300w, https:\/\/cdn-wordpress.webspec.cloud\/efcoforms.com\/uploads\/2020\/03\/500x500-E-Commerce-150x150.jpg 150w, https:\/\/cdn-wordpress.webspec.cloud\/efcoforms.com\/uploads\/2020\/03\/500x500-E-Commerce-24x24.jpg 24w, https:\/\/cdn-wordpress.webspec.cloud\/efcoforms.com\/uploads\/2020\/03\/500x500-E-Commerce-36x36.jpg 36w, https:\/\/cdn-wordpress.webspec.cloud\/efcoforms.com\/uploads\/2020\/03\/500x500-E-Commerce-48x48.jpg 48w\" sizes=\"auto, (max-width: 500px) 100vw, 500px\" \/><\/p>\n\t\t\t\t\t\t<\/div>\n\t\t\t\t\t\t\t\t\t<\/div>\n\t\t\t<\/div>\n\t\t\t<\/div>\n<\/div>\n<\/div><\/section>\n\n\n\n<section class=\"wp-block-uagb-section uagb-section__wrap uagb-section__background-image uagb-block-e748f2fb-cbbf-4b04-b872-38b007be1dff background-angle\"><div class=\"uagb-section__overlay\"><\/div><div class=\"uagb-section__inner-wrap\">\n<h2 class=\"has-white-color has-text-color wp-block-heading\">CONOZCA AL EQUIPO DE APOYO EFCO<\/h2>\n\n\n\n<p class=\"has-text-color has-white-color\">El Equipo de Apoyo EFCO est\u00e1 disponible para responder sus inquietudes sobre encofrado y para ayudarle con la ejecuci\u00f3n rentable y segura de su proyecto. En EFCO nos enorgullecemos de nuestra trayectoria de m\u00e1s de 85 a\u00f1os desarrollando productos y aplicaciones. Dicha trayectoria est\u00e1 respaldada por la alta calidad de nuestros equipos de encofrado y apuntalamiento, y por la calidad profesional de nuestros equipos de ingenier\u00eda y dibujo. Adem\u00e1s del soporte de ingenier\u00eda, el Equipo de Apoyo Total incluye:<\/p>\n\n\n\n<div class=\"wp-block-columns is-layout-flex wp-container-core-columns-is-layout-9d6595d7 wp-block-columns-is-layout-flex\">\n<div class=\"wp-block-column is-layout-flow wp-block-column-is-layout-flow\">\n<div class=\"wp-block-image\"><figure class=\"aligncenter size-large\"><img loading=\"lazy\" decoding=\"async\" width=\"159\" height=\"122\" src=\"https:\/\/www.efcoforms.com\/wp-content\/uploads\/2020\/02\/fast.png\" alt=\"\" class=\"wp-image-556\"\/><\/figure><\/div>\n\n\n\n<h4 class=\"has-white-color has-text-color has-text-align-center wp-block-heading\">Gerente de Planta<\/h4>\n\n\n\n<p class=\"has-text-color has-text-align-center has-white-color\">Asegura el despacho de su equipo y responde inquietudes sobre despachos y devoluciones.<\/p>\n<\/div>\n\n\n\n<div class=\"wp-block-column is-layout-flow wp-block-column-is-layout-flow\">\n<div class=\"wp-block-image\"><figure class=\"aligncenter size-large\"><img loading=\"lazy\" decoding=\"async\" width=\"134\" height=\"133\" src=\"https:\/\/www.efcoforms.com\/wp-content\/uploads\/2020\/02\/sketch.png\" alt=\"\" class=\"wp-image-559\"\/><\/figure><\/div>\n\n\n\n<h4 class=\"has-white-color has-text-color has-text-align-center wp-block-heading\">Supervisor de Campo<\/h4>\n\n\n\n<p class=\"has-text-color has-text-align-center has-white-color\">Su gu\u00eda en obra para planeamiento, ensamblaje y ciclado del equipo.<\/p>\n<\/div>\n\n\n\n<div class=\"wp-block-column is-layout-flow wp-block-column-is-layout-flow\">\n<div class=\"wp-block-image\"><figure class=\"aligncenter size-large\"><img loading=\"lazy\" decoding=\"async\" width=\"142\" height=\"142\" src=\"https:\/\/www.efcoforms.com\/wp-content\/uploads\/2020\/02\/support.png\" alt=\"\" class=\"wp-image-562\"\/><\/figure><\/div>\n\n\n\n<h4 class=\"has-white-color has-text-color has-text-align-center wp-block-heading\">Administrador de Ventas del Distrito<\/h4>\n\n\n\n<p class=\"has-text-color has-text-align-center has-white-color\">Disponible para atender sus preguntas de facturaci\u00f3n o para contactarlo con el equipo de Apoyo Total EFCO en caso de asistencia adicional.<\/p>\n<\/div>\n<\/div>\n\n\n<div id=\"card-wrapper\" class=\"row\">\n\t\t\t\t\t<div class=\"col-md-5 half card has-corner \n\t\t\">\n\n\t\t\t<div class=\"card-\"><\/div>\n\n\t\t\t\t\t\t\t\t\t\t<div class=\"card-image-wrap\">\n\t\t\t\t\t<img decoding=\"async\" src=\"https:\/\/cdn-wordpress.webspec.cloud\/efcoforms.com\/uploads\/2020\/03\/500x500-field-sservice-2.jpg\" alt=\"EFCO Field Service Team\" \/>\n\t\t\t\t<\/div>\n\t\t\t\n\n\t\t\t\t\t\t\n\n\t\t\t\t\t\t\t<div class=\"card-content\">\n\t\t\t\t\t<h3>Servicio De Campo Dispuesto A Apoyarlo<\/h3>\n\t\t\t\t\t<p>Nuestro dedicado equipo de especialistas en encofrado y apuntalamiento est\u00e1 dispuesto a apoyar a los contratistas con la planeaci\u00f3n, el ensamble y el ciclado del equipo en obra. Este equipo de Supervisores de Servicio de Campo EFCO es \u00fanico en la industria. Cada uno de ellos ha trabajado y ha sido entrenado en la industria de la construcci\u00f3n y su misi\u00f3n es apoyar a su cuadrilla en obra. De igual manera, le ayudar\u00e1n a resolver problemas inesperados, lo cual representa ahorros de tiempo y dinero.<\/p>\n\t\t\t\t\t\t\t\t\t<\/div>\n\t\t\t\n\t\t\t\t\t<\/div>\n\t\t\t\t\t<div class=\"col-md-5 half card has-corner \n\t\t\">\n\n\t\t\t<div class=\"card-1\"><\/div>\n\n\t\t\t\t\t\t\t\t\t\t<div class=\"card-image-wrap\">\n\t\t\t\t\t<img decoding=\"async\" src=\"https:\/\/cdn-wordpress.webspec.cloud\/efcoforms.com\/uploads\/2020\/03\/500x500-engineering3.jpg\" alt=\"EFCO Engineering Team\" \/>\n\t\t\t\t<\/div>\n\t\t\t\n\n\t\t\t\t\t\t\n\n\t\t\t\t\t\t\t<div class=\"card-content\">\n\t\t\t\t\t<h3>Ingenier\u00eda<\/h3>\n\t\t\t\t\t<p>EFCO tiene m\u00e1s de 85 a\u00f1os de experiencia en ingenier\u00eda, insuperable en la industria de encofrados para concreto. EFCO es reconocido por sus innovadoras soluciones de ingenier\u00eda, a las cuales llega tras escuchar las necesidades espec\u00edficas del cliente, desarrollar la soluci\u00f3n y ejecutar el plan. Nuestros ingenieros se enfocan en su proyecto, dise\u00f1ando una soluci\u00f3n espec\u00edfica, evaluando el ciclado del equipo y entreg\u00e1ndole planos de montaje detallados que le ayudar\u00e1n a obtener ahorros de tiempo y de mano de obra.<\/p>\n\t\t\t\t\t\t\t\t\t<\/div>\n\t\t\t\n\t\t\t\t\t<\/div>\n\t\t\t\t\t<div class=\"col-md-5 half card has-corner \n\t\t\">\n\n\t\t\t<div class=\"card-2\"><\/div>\n\n\t\t\t\t\t\t\t\t\t\t<div class=\"card-image-wrap\">\n\t\t\t\t\t<img decoding=\"async\" src=\"https:\/\/cdn-wordpress.webspec.cloud\/efcoforms.com\/uploads\/2020\/03\/500x500-plant-manager.jpg\" alt=\"EFCO Plant Managers\" \/>\n\t\t\t\t<\/div>\n\t\t\t\n\n\t\t\t\t\t\t\n\n\t\t\t\t\t\t\t<div class=\"card-content\">\n\t\t\t\t\t<h3>Gerente De Bodega<\/h3>\n\t\t\t\t\t<p>El enfoque diario de los Gerentes de Bodega EFCO es tener una operaci\u00f3n eficiente en cada una de las bodegas, partiendo con la preparaci\u00f3n del equipo requerido y finalizando con el env\u00edo oportuno de su encofrado. Tambi\u00e9n est\u00e1n disponibles para resolver cualquier inquietud sobre el despacho y la devoluci\u00f3n de su equipo.<\/p>\n\t\t\t\t\t\t\t\t\t<\/div>\n\t\t\t\n\t\t\t\t\t<\/div>\n\t\t\t\t\t<div class=\"col-md-5 half card has-corner \n\t\t\">\n\n\t\t\t<div class=\"card-3\"><\/div>\n\n\t\t\t\t\t\t\t\t\t\t<div class=\"card-image-wrap\">\n\t\t\t\t\t<img decoding=\"async\" src=\"https:\/\/cdn-wordpress.webspec.cloud\/efcoforms.com\/uploads\/2020\/03\/500x500-District-Sales-Admin.jpg\" alt=\"EFCO District Sales Admin\" \/>\n\t\t\t\t<\/div>\n\t\t\t\n\n\t\t\t\t\t\t\n\n\t\t\t\t\t\t\t<div class=\"card-content\">\n\t\t\t\t\t<h3>Administrador De Ventas Del Distrito<\/h3>\n\t\t\t\t\t<p>Contacte al Administrador de Ventas del distrito cuando necesite cualquier tipo de apoyo, bien sea localizar a la persona apropiada en ventas, ingenier\u00eda o servicio de campo, o cuando tenga cualquier duda con respecto a facturaci\u00f3n o pagos.<\/p>\n\t\t\t\t\t\t\t\t\t<\/div>\n\t\t\t\n\t\t\t\t\t<\/div>\n\t<\/div>\n<\/div><\/section>\n\n\n\n<section class=\"wp-block-uagb-section uagb-section__wrap uagb-section__background-undefined uagb-block-a5972bf6 left-slash-cta\"><div class=\"uagb-section__overlay\"><\/div><div class=\"uagb-section__inner-wrap\"><div class=\"container-fluid half-slash-row left-side-content\">\n\t<div class=\"row\">\n\t\t<div class=\"col-xs 12 col-md-6\">\n\t\t\t<h2>\u00bfPor qu\u00e9 confiar en alguien m\u00e1s?<\/h2>\n<p>Nuestros expertos est\u00e1n listos para ayudarle a encontrar las soluciones apropiadas para los requerimientos de encofrado y apuntalamiento de su proyecto.<\/p>\n<p><a class=\"YELLOW-BUTTON\" href=\"https:\/\/www.efcoforms.com\/es\/contacto\/\">CONT\u00c1CTENOS<\/a><\/p>\n\t\t<\/div>\n\t\t<div class=\"col-xs 12 col-md-6\">\n\t\t\t<img decoding=\"async\" src=\"https:\/\/cdn-wordpress.webspec.cloud\/efcoforms.com\/uploads\/2021\/05\/trusted-partner-1200x500-1.jpg\" alt=\"Why Trust Anyone Else?\" \/>\n\t\t<\/div>\n\t<\/div>\n<\/div>\n<\/div><\/section>\n","protected":false},"excerpt":{"rendered":"","protected":false},"author":1,"featured_media":0,"parent":0,"menu_order":0,"comment_status":"closed","ping_status":"closed","template":"page-templates\/fullwidthpage.php","meta":{"_acf_changed":false,"_uag_custom_page_level_css":"","footnotes":""},"class_list":["post-5501","page","type-page","status-publish","hentry"],"aioseo_notices":[],"featured_image_src":null,"acf":[],"uagb_featured_image_src":{"full":false,"thumbnail":false,"medium":false,"medium_large":false,"large":false,"1536x1536":false,"2048x2048":false,"gform-image-choice-sm":false,"gform-image-choice-md":false,"gform-image-choice-lg":false,"menu-24x24":false,"menu-36x36":false,"menu-48x48":false,"fullscreen":false},"uagb_author_info":{"display_name":"webspec_admin","author_link":"https:\/\/www.efcoforms.com\/es\/author\/webspec_admin\/"},"uagb_comment_info":0,"uagb_excerpt":null,"_links":{"self":[{"href":"https:\/\/www.efcoforms.com\/es\/wp-json\/wp\/v2\/pages\/5501","targetHints":{"allow":["GET"]}}],"collection":[{"href":"https:\/\/www.efcoforms.com\/es\/wp-json\/wp\/v2\/pages"}],"about":[{"href":"https:\/\/www.efcoforms.com\/es\/wp-json\/wp\/v2\/types\/page"}],"author":[{"embeddable":true,"href":"https:\/\/www.efcoforms.com\/es\/wp-json\/wp\/v2\/users\/1"}],"replies":[{"embeddable":true,"href":"https:\/\/www.efcoforms.com\/es\/wp-json\/wp\/v2\/comments?post=5501"}],"version-history":[{"count":0,"href":"https:\/\/www.efcoforms.com\/es\/wp-json\/wp\/v2\/pages\/5501\/revisions"}],"wp:attachment":[{"href":"https:\/\/www.efcoforms.com\/es\/wp-json\/wp\/v2\/media?parent=5501"}],"curies":[{"name":"wp","href":"https:\/\/api.w.org\/{rel}","templated":true}]}}