{"id":9829,"date":"2020-06-24T14:04:49","date_gmt":"2020-06-24T19:04:49","guid":{"rendered":"https:\/\/www.efcoforms.com\/?page_id=9829"},"modified":"2026-04-21T10:45:03","modified_gmt":"2026-04-21T15:45:03","slug":"politica-de-privacidad","status":"publish","type":"page","link":"https:\/\/www.efcoforms.com\/es\/politica-de-privacidad\/","title":{"rendered":"POL\u00cdTICA DE PRIVACIDAD"},"content":{"rendered":"\n<section class=\"wp-block-uagb-section uagb-section__wrap uagb-section__background-undefined uagb-block-590c6a2d\"><div class=\"uagb-section__overlay\"><\/div><div class=\"uagb-section__inner-wrap\">\n<p><\/p>\n<\/div><\/section>\n\n\n\n<section class=\"wp-block-uagb-section uagb-section__wrap uagb-section__background-undefined uagb-block-5e22eb97\"><div class=\"uagb-section__overlay\"><\/div><div class=\"uagb-section__inner-wrap\">\n<h1 class=\"wp-block-heading\">POL\u00cdTICA DE PRIVACIDAD<\/h1>\n\n\n\n<h3 class=\"wp-block-heading has-text-align-left\"><strong>\u00daltima actualizaci\u00f3n: 22-04-2020 11:55:05<\/strong><\/h3>\n\n\n\n<p class=\"has-text-align-left\">Su privacidad es muy valiosa para nosotros. Por favor lea esta Pol\u00edtica de Privacidad detenidamente antes de usar el sitio web <a href=\"https:\/\/www.efcoforms.com\/es\/\">www.efcoforms.com<\/a> (el \u201csitio web\u201d) operado por EFCO Corp, una Corporaci\u00f3n formada en Iowa (\u201cnos\u201d, \u201cnosotros\u201d, \u201cnuestro\/a\u201d) ya que esta Pol\u00edtica de Privacidad contiene informaci\u00f3n importante en relaci\u00f3n a su privacidad y c\u00f3mo podemos usar la informaci\u00f3n que recogemos sobre usted.<\/p>\n\n\n\n<p class=\"has-text-align-left\">Su acceso y uso del Sitio web est\u00e1n condicionados a su aceptaci\u00f3n y cumplimiento con esta Pol\u00edtica de Privacidad. Esta se aplica a toda persona, incluido, pero no limitado a: visitantes, usuarios, y otros, que deseen acceder o usar el Sitio.<\/p>\n\n\n\n<p class=\"has-text-align-left\">Al acceder o usar el Sitio web, usted acepta estar sujeto por esta Pol\u00edtica de Privacidad. Si no est\u00e1 de acuerdo con alguna parte de esta Pol\u00edtica, entonces no tiene nuestro permiso para acceder o usar el Sitio web.<\/p>\n\n\n\n<h3 class=\"wp-block-heading has-text-align-left\"><strong>QU\u00c9 INFORMACI\u00d3N RECOGEMOS, DE D\u00d3NDE, C\u00d3MO LA USAMOS, Y LAS CONSECUENCIAS DE NO ENTREGARNOS ESTA INFORMACI\u00d3N<\/strong><\/h3>\n\n\n\n<h2 class=\"wp-block-heading has-text-align-left\">Cookies<\/h2>\n\n\n\n<p class=\"has-text-align-left\">Una cookie es una peque\u00f1a unidad de informaci\u00f3n enviada desde un sitio internet y que se almacena en su computador. El archivo es agregado una vez que usted acepta almacenar cookies en su computador o dispositivo y ayudan a analizar el tr\u00e1fico de la red o le permite saber cu\u00e1ndo usted visita un sitio en particular. Las cookies permiten que los sitios respondan a usted como individuo. El Sitio web puede adaptar sus operaciones seg\u00fan sus necesidades, gustos y desagrados al recopilar y recordar informaci\u00f3n sobre sus preferencias.<\/p>\n\n\n\n<p>Este Sitio web recopila cookies y puede usar cookies por razones que incluyen, pero no se limitan a:<\/p>\n\n\n\n<ul class=\"wp-block-list has-text-align-left\">\n<li>Analizar nuestro tr\u00e1fico en la red usando un paquete de an\u00e1lisis.<\/li>\n\n\n\n<li>Identificar si usted est\u00e1 registrado en el Sitio web.<\/li>\n\n\n\n<li>Probar el contenido en el Sitio web.<\/li>\n\n\n\n<li>Almacenar informaci\u00f3n sobre sus preferencias.<\/li>\n\n\n\n<li>Reconocer cuando usted regresa al Sitio web.<\/li>\n<\/ul>\n\n\n\n<p class=\"has-text-align-left\">En general, las cookies nos ayudan a ofrecer un mejor Sitio web, al permitirnos monitorear qu\u00e9 p\u00e1ginas usted encuentra \u00fatiles y cu\u00e1les no. Una cookie de ninguna manera nos da acceso a su computador o a cualquier informaci\u00f3n sobre usted, aparte de los datos que usted elige compartir con nosotros.<\/p>\n\n\n\n<p class=\"has-text-align-left\">Usted puede aceptar o rechazar las cookies. La mayor\u00eda de los navegadores autom\u00e1ticamente aceptan las cookies, pero generalmente usted puede modificar la configuraci\u00f3n de su navegador para rechazar las cookies si as\u00ed lo prefiere. Esta configuraci\u00f3n podr\u00eda evitar que usted aproveche al m\u00e1ximo el sitio web.<\/p>\n\n\n\n<h2 class=\"wp-block-heading has-text-align-left\"><strong>Privacidad Infantil<\/strong><\/h2>\n\n\n\n<p class=\"has-text-align-left\">Este Sitio web est\u00e1 destinado a ser utilizado por un p\u00fablico general y no ofrece servicios a menores. Si un(a) ni\u00f1o(a) que sabemos que es menor de 13 a\u00f1os nos env\u00eda informaci\u00f3n personal, usaremos esa informaci\u00f3n solo para responder directamente a ese(a) ni\u00f1o(a) para informarle que no puede usar este sitio web.<br><\/p>\n\n\n\n<h2 class=\"wp-block-heading has-text-align-left\"><strong>Con qui\u00e9n compartimos su informaci\u00f3n<\/strong><\/h2>\n\n\n\n<p class=\"has-text-align-left\">No compartimos su informaci\u00f3n personal con terceros.<\/p>\n\n\n\n<h2 class=\"wp-block-heading has-text-align-left\"><strong>Venta de su informaci\u00f3n<\/strong><\/h2>\n\n\n\n<p class=\"has-text-align-left\">No vendemos su informaci\u00f3n personal. Para excluirse de futuras ventas, cont\u00e1ctenos a <a href=\"mailto:EFCOCorp@efcoforms.com\">EFCOCorp@efcoforms.com<\/a>.<\/p>\n\n\n\n<h2 class=\"wp-block-heading has-text-align-left\"><strong>Retenci\u00f3n de Informaci\u00f3n<\/strong><\/h2>\n\n\n\n<p class=\"has-text-align-left\">Retenemos toda la informaci\u00f3n que usted nos haya brindado al menos por 2 a\u00f1os, y peri\u00f3dicamente eliminamos la informaci\u00f3n.<\/p>\n\n\n\n<h2 class=\"wp-block-heading has-text-align-left\"><strong>Marketing Directo<\/strong><\/h2>\n\n\n\n<p class=\"has-text-align-left\">Utilizamos la informaci\u00f3n que nos ha brindado para prop\u00f3sitos de marketing directo. El marketing directo es la venta de productos o servicios directamente a los consumidores en lugar de hacerlo a trav\u00e9s de minoristas. Usted puede, en cualquier momento, solicitar que dejemos de usar su informaci\u00f3n para prop\u00f3sitos de marketing directo, envi\u00e1ndonos un correo electr\u00f3nico a <a href=\"mailto:EFCOCorp@efcoforms.com\">EFCOCorp@efcoforms.com<\/a>.<br><\/p>\n\n\n\n<h2 class=\"wp-block-heading has-text-align-left\"><strong>Toma de decisiones automatizadas y elaboraci\u00f3n de perfiles<\/strong><\/h2>\n\n\n\n<p class=\"has-text-align-left\">Utilizamos la informaci\u00f3n que nos ha entregado para la toma de decisiones automatizadas y la elaboraci\u00f3n de perfiles. La toma de decisiones automatizada es tomar una decisi\u00f3n exclusivamente por medios automatizados sin la intervenci\u00f3n de ning\u00fan ser humano. La l\u00f3gica que usamos para la toma de decisiones automatizada es la siguiente: Hay un cliente potencial o actual para el producto por el que se consulta o para cualquier otro producto.<\/p>\n\n\n\n<p class=\"has-text-align-left\"><br>La elaboraci\u00f3n de perfiles es el procesamiento automatizado de informaci\u00f3n personal para evaluar ciertos aspectos sobre un individuo. La l\u00f3gica que usamos para elaborar perfiles es la siguiente: Si alguien hace clic en un formulario de contacto y solicita m\u00e1s informaci\u00f3n sobre un producto, lo configuramos para materiales de marketing de cualquier producto y de ese producto en particular.<br><\/p>\n\n\n\n<h2 class=\"wp-block-heading has-text-align-left\"><strong>Programas de An\u00e1lisis<\/strong><\/h2>\n\n\n\n<p class=\"has-text-align-left\">Este sitio web utiliza Google Analytics para recopilar informaci\u00f3n sobre usted y sus comportamientos. Si desea optar por no participar en Google Analytics, visite&nbsp;<a href=\"https:\/\/tools.google.com\/dlpage\/gaoptout\/\"><strong>https:\/\/tools.google.com\/dlpage\/gaoptout\/<\/strong><\/a><\/p>\n\n\n\n<h2 class=\"wp-block-heading has-text-align-left\"><strong>Sitios de Terceros<\/strong><\/h2>\n\n\n\n<p class=\"has-text-align-left\">Este Sitio web puede contener hiperv\u00ednculos a sitios web operados por terceros. Entregamos estos hiperv\u00ednculos solo para su referencia. Nosotros no controlamos tales sitios y no somos responsables de sus contenidos o la privacidad u otras pr\u00e1cticas de tales sitios. Depende de usted leer y entender completamente sus Pol\u00edticas de Privacidad. La inclusi\u00f3n de hiperv\u00ednculos a tales sitios no implica nuestra aprobaci\u00f3n del material contenido en ellos ni ninguna asociaci\u00f3n con sus operadores.<\/p>\n\n\n\n<h2 class=\"wp-block-heading has-text-align-left\"><strong>Sus derechos<\/strong><\/h2>\n\n\n\n<p class=\"has-text-align-left\">Dependiendo de d\u00f3nde usted reside, podr\u00eda tener los siguientes derechos en relaci\u00f3n a su informaci\u00f3n personal:<br>Derecho a acceder a su informaci\u00f3n: solo residentes de California y la Uni\u00f3n Europea y\/o el Reino Unido. Derecho a saber si su informaci\u00f3n personal es vendida o revelada y a qui\u00e9n: solo residentes de California. Derecho a negarse a la venta de su informaci\u00f3n personal: solo residentes de California. Derecho a solicitar que borremos toda o parte de la informaci\u00f3n personal que hemos recolectado de usted: solo residentes de California y la Uni\u00f3n Europea y\/o el Reino Unido. Derecho a igual servicio y precio, incluso si ejerce su derecho de privacidad: solo residentes de California. Derecho a solicitar que transmitamos su informaci\u00f3n personal que hemos recolectado a otro proveedor (donde sea t\u00e9cnicamente posible): solo residentes de la Uni\u00f3n Europea y\/o el Reino Unido. Rectificaci\u00f3n de informaci\u00f3n &#8211; Derecho de solicitar que corrijamos cualquier informaci\u00f3n que hayamos recolectado sobre usted: solo residentes de la Uni\u00f3n Europea y\/o el Reino Unido. Derecho a retirar su consentimiento para el procesamiento de sus datos: solo residentes de la Uni\u00f3n Europea y\/o el Reino Unido. Derecho a solicitar que restrinjamos el procesamiento de sus datos: solo residentes de la Uni\u00f3n Europea y\/o el Reino Unido. Derecho a presentar una queja sobre nuestra recopilaci\u00f3n, intercambio y procesamiento de datos con las autoridades competentes en la jurisdicci\u00f3n correspondiente: solo residentes de la Uni\u00f3n Europea y\/o el Reino Unido.<\/p>\n\n\n\n<h2 class=\"wp-block-heading has-text-align-left\"><strong>Ejercicio de sus derechos<\/strong><\/h2>\n\n\n\n<p class=\"has-text-align-left\">Usted puede ejercer sus derechos enviando una solicitud a trav\u00e9s del formulario de contacto en nuestro Sitio web.<\/p>\n\n\n\n<p class=\"has-text-align-left\"><br>Necesitaremos verificar su identidad antes de llevar a cabo su solicitud. Para verificar su identidad, deber\u00e1 entregarnos la siguiente informaci\u00f3n junto con su solicitud:<\/p>\n\n\n\n<ul class=\"wp-block-list has-text-align-left\">\n<li>Nombre<\/li>\n\n\n\n<li>Licencia de conducir<\/li>\n<\/ul>\n\n\n\n<p class=\"has-text-align-left\">Tenga en cuenta que es posible que no podamos procesar su solicitud si no nos entrega la informaci\u00f3n antes detallada.<\/p>\n\n\n\n<p class=\"has-text-align-left\">Usted tambi\u00e9n puede designar un agente autorizado para ejercer sus derechos en su nombre. Puede designarlo a trav\u00e9s de cualquiera de las formas utilizadas para enviar su solicitud. Solicitaremos que el agente verifique que tiene la autoridad para hacer solicitudes en su nombre. Para ello le pediremos enviar la siguiente informaci\u00f3n:<\/p>\n\n\n\n<ul class=\"wp-block-list has-text-align-left\">\n<li>Poder de representaci\u00f3n v\u00e1lido<\/li>\n\n\n\n<li>La identificaci\u00f3n v\u00e1lida del solicitante emitida por el gobierno<\/li>\n\n\n\n<li>La identificaci\u00f3n v\u00e1lida del agente autorizado emitida por el gobierno<\/li>\n<\/ul>\n\n\n\n<p class=\"has-text-align-left\">Tenga en cuenta que es posible que no podamos procesar su solicitud si su agente designado y\/o usted no nos entregan dicha informaci\u00f3n.<br>Responderemos a la mayor\u00eda de las solicitudes de residentes de California dentro de 45 d\u00edas de recibidas. Responderemos a las solicitudes de residentes de la Uni\u00f3n Europea y\/o el Reino Unido dentro de 30 d\u00edas de recibidas.<\/p>\n\n\n\n<p class=\"has-text-align-left\">Tenemos la capacidad de negarnos a su(s) solicitud(es) si aplican ciertas excepciones en la ley. Si lo hacemos, le proporcionaremos los motivos de dicha negaci\u00f3n. Normalmente no cobramos una tarifa por procesar o responder a las solicitudes de los consumidores. Sin embargo, podemos cobrar una tarifa si la solicitud es excesiva, repetitiva o manifiestamente infundada.<\/p>\n\n\n\n<h2 class=\"wp-block-heading has-text-align-left\"><strong>Se\u00f1ales de No Rastrear<\/strong><\/h2>\n\n\n\n<p class=\"has-text-align-left\">No Rastrear es una preferencia que puede configurar en su navegador para informar a los sitios web que no desea ser rastreado. Nuestro sitio tiene la opci\u00f3n de No Rastrear (\u201cDNT\u201d). Usted puede habilitarla o deshabilitarla yendo a Preferencias o Configuraci\u00f3n de su navegador web.<\/p>\n\n\n\n<h2 class=\"wp-block-heading has-text-align-left\"><strong>Optar por que no recopilemos informaci\u00f3n personal<\/strong><\/h2>\n\n\n\n<p class=\"has-text-align-left\">Usted puede optar por que no recopilemos su informaci\u00f3n personal en cualquier momento al no ingresar datos en nuestro sitio web, al hacer clic en darse de baja en los correos electr\u00f3nicos o al contactarnos.<\/p>\n\n\n\n<h2 class=\"wp-block-heading has-text-align-left\"><strong>Ubicaci\u00f3n del Procesamiento de Datos<\/strong><\/h2>\n\n\n\n<p class=\"has-text-align-left\">Todas las actividades de procesamiento de datos las realizamos en Iowa. USA<\/p>\n\n\n\n<h2 class=\"wp-block-heading has-text-align-left\"><strong>Ejecutiva de Protecci\u00f3n de Datos<\/strong><\/h2>\n\n\n\n<p class=\"has-text-align-left\">Nuestra Ejecutiva de Protecci\u00f3n de Datos es Krista Jaspering. Su informaci\u00f3n de contacto es: krista.jaspering@efcoforms.com.<br><\/p>\n\n\n\n<h2 class=\"wp-block-heading has-text-align-left\"><strong>Ejecutiva de Protecci\u00f3n de Datos<\/strong><\/h2>\n\n\n\n<p class=\"has-text-align-left\">Nos reservamos el derecho de enmendar esta pol\u00edtica en cualquier momento. Le notificaremos de cualquier cambio a esta Pol\u00edtica de Privacidad publicando la actualizaci\u00f3n en este sitio web.<br><\/p>\n\n\n\n<h2 class=\"wp-block-heading has-text-align-left\"><strong>Ejecutiva de Protecci\u00f3n de Datos<\/strong><\/h2>\n\n\n\n<p class=\"has-text-align-left\">Si tiene alguna consulta sobre esta Pol\u00edtica de Privacidad, cont\u00e1ctenos en <a href=\"mailto:EFCOCorp@efcoforms.com\">EFCOCorp@efcoforms.com<\/a><\/p>\n<\/div><\/section>\n\n\n\n<p class=\"has-black-color has-text-color\"><\/p>\n\n\n\n<p><\/p>\n\n\n\n<p><\/p>\n\n\n\n<p><\/p>\n\n\n\n<p><\/p>\n","protected":false},"excerpt":{"rendered":"","protected":false},"author":2,"featured_media":0,"parent":0,"menu_order":0,"comment_status":"closed","ping_status":"open","template":"","meta":{"_acf_changed":false,"_uag_custom_page_level_css":"","footnotes":""},"class_list":["post-9829","page","type-page","status-publish","hentry"],"aioseo_notices":[],"featured_image_src":null,"acf":[],"uagb_featured_image_src":{"full":false,"thumbnail":false,"medium":false,"medium_large":false,"large":false,"1536x1536":false,"2048x2048":false,"gform-image-choice-sm":false,"gform-image-choice-md":false,"gform-image-choice-lg":false,"menu-24x24":false,"menu-36x36":false,"menu-48x48":false,"fullscreen":false},"uagb_author_info":{"display_name":"Krista Jaspering","author_link":"https:\/\/www.efcoforms.com\/es\/author\/krista_jaspering\/"},"uagb_comment_info":0,"uagb_excerpt":null,"_links":{"self":[{"href":"https:\/\/www.efcoforms.com\/es\/wp-json\/wp\/v2\/pages\/9829","targetHints":{"allow":["GET"]}}],"collection":[{"href":"https:\/\/www.efcoforms.com\/es\/wp-json\/wp\/v2\/pages"}],"about":[{"href":"https:\/\/www.efcoforms.com\/es\/wp-json\/wp\/v2\/types\/page"}],"author":[{"embeddable":true,"href":"https:\/\/www.efcoforms.com\/es\/wp-json\/wp\/v2\/users\/2"}],"replies":[{"embeddable":true,"href":"https:\/\/www.efcoforms.com\/es\/wp-json\/wp\/v2\/comments?post=9829"}],"version-history":[{"count":2,"href":"https:\/\/www.efcoforms.com\/es\/wp-json\/wp\/v2\/pages\/9829\/revisions"}],"predecessor-version":[{"id":379374,"href":"https:\/\/www.efcoforms.com\/es\/wp-json\/wp\/v2\/pages\/9829\/revisions\/379374"}],"wp:attachment":[{"href":"https:\/\/www.efcoforms.com\/es\/wp-json\/wp\/v2\/media?parent=9829"}],"curies":[{"name":"wp","href":"https:\/\/api.w.org\/{rel}","templated":true}]}}